{"id":726,"date":"2015-11-02T10:22:18","date_gmt":"2015-11-02T10:22:18","guid":{"rendered":"http:\/\/www.banusamanci.com\/?page_id=726"},"modified":"2015-12-11T15:43:41","modified_gmt":"2015-12-11T15:43:41","slug":"nasil-basardi-basvuru-sayfasi","status":"publish","type":"page","link":"https:\/\/www.banusamanci.com\/index.php\/nasil-basardi-basvuru-sayfasi\/","title":{"rendered":"Nas\u0131l ba\u015fard\u0131? &#8211; Ba\u015fvuru Sayfas\u0131"},"content":{"rendered":"<div class=\"fusion-fullwidth fullwidth-box fusion-fullwidth-1  fusion-parallax-none nonhundred-percent-fullwidth\" style=\"border-bottom-width: 0px;border-top-width: 0px;border-bottom-style: solid;border-top-style: solid;padding-bottom:0px;padding-top:0px;padding-left:0px;padding-right:0px;background-color:#ffffff;\"><style type=\"text\/css\" scoped=\"scoped\">.fusion-fullwidth-1 {\n                            padding-left: 0px !important;\n                            padding-right: 0px !important;\n                        }<\/style><div class=\"fusion-row\"><span class=\"fusion-imageframe imageframe-none imageframe-1 hover-type-none\"> <img decoding=\"async\" src=\"http:\/\/www.banusamanci.com\/wp-content\/uploads\/2015\/11\/nasilbasardi_basvurubanner1.jpg\" alt=\"Ba\u015far\u0131l\u0131 kad\u0131n giri\u015fimcilerin marka tarifi\" class=\"img-responsive\"\/><\/span><\/div><\/div><div class=\"fusion-fullwidth fullwidth-box fusion-fullwidth-2  fusion-parallax-none nonhundred-percent-fullwidth\" style=\"border-bottom-width: 0px;border-top-width: 0px;border-bottom-style: solid;border-top-style: solid;padding-bottom:0px;padding-top:0px;padding-left:0px;padding-right:0px;background-color:#ffffff;\"><style type=\"text\/css\" scoped=\"scoped\">.fusion-fullwidth-2 {\n                            padding-left: 0px !important;\n                            padding-right: 0px !important;\n                        }<\/style><div class=\"fusion-row\"><span class=\"fusion-imageframe imageframe-none imageframe-2 hover-type-none\"> <img alt=\"\" class=\"img-responsive\"\/><\/span><div class=\"fusion-two-third fusion-layout-column fusion-column-last fusion-spacing-no\" style=\"margin-top:30px;margin-bottom:0px;\"><div class=\"fusion-column-wrapper\" style=\"background-color:#ffffff;padding:10px;\"><div class=\"fusion-title title fusion-title-size-two\" style=\"margin-top:30px;\"><h2 class=\"title-heading-left\"><strong>Markan\u0131z\u0131n hikayesini payla\u015fmak ister misiniz?<\/strong><\/h2><div class=\"title-sep-container\"><div class=\"title-sep sep-none\"><\/div><\/div><\/div><p>Bir kad\u0131n giri\u015fimci olarak kendi marka hikayenizi, markan\u0131z\u0131n ba\u015far\u0131l\u0131 olmas\u0131na yard\u0131mc\u0131 olan malzemeleri di\u011fer kad\u0131nlarla payla\u015farak \u00fclkemizdeki \u00fcreten, mutlu kad\u0131nlar\u0131n say\u0131s\u0131n\u0131n artmas\u0131na yard\u0131mc\u0131 olabilirsiniz.<\/p>\n<p>Nas\u0131l m\u0131? Bir kad\u0131n giri\u015fimci olarak nas\u0131l ba\u015fard\u0131\u011f\u0131n\u0131z\u0131 a\u015fa\u011f\u0131daki formu t\u0131klayarak, doldurun ve benimle payla\u015f\u0131n. Her ay, yeni bir kad\u0131n giri\u015fimcinin hikayesini ve ba\u015far\u0131l\u0131 marka tarifini buradan yay\u0131nlayarak birbirimize yard\u0131mc\u0131 olal\u0131m.<\/p>\n<div class=\"fusion-title title fusion-title-size-two\"><h2 class=\"title-heading-left\">BA\u015eLAMADAN \u00d6NCE B\u0130R KA\u00c7 UFAK HATIRLATMA\u2026 <\/h2><div class=\"title-sep-container\"><div class=\"title-sep sep-none\"><\/div><\/div><\/div><ul class=\"fusion-checklist fusion-checklist-1\" style=\"font-size:17px;line-height:28.9px;\"><li class=\"fusion-li-item\"><span style=\"height:28.9px;width:28.9px;margin-right:11.9px;\" class=\"icon-wrapper circle-no\"><i class=\"fusion-li-icon fa fa-star\" style=\"color:;\"><\/i><\/span><div class=\"fusion-li-item-content\" style=\"margin-left:40.8px;\">Sitede yay\u0131nlanm\u0131\u015f olan \u00f6rnekleri inceleyerek genel bir fikir elde edebilirsiniz.<\/div><\/li><li class=\"fusion-li-item\"><span style=\"height:28.9px;width:28.9px;margin-right:11.9px;\" class=\"icon-wrapper circle-no\"><i class=\"fusion-li-icon fa fa-star\" style=\"color:;\"><\/i><\/span><div class=\"fusion-li-item-content\" style=\"margin-left:40.8px;\">\n<p>Hikayenizi anlat\u0131rken kar\u015f\u0131la\u015ft\u0131\u011f\u0131n\u0131z zorluklar, bunlar\u0131 nas\u0131l a\u015ft\u0131\u011f\u0131n\u0131z gibi samimi ve<br \/>\ni\u00e7ten bir yakla\u015f\u0131m ile yay\u0131nlanman\u0131z \u00e7ok daha kolay olacakt\u0131r. Bu \u00e7al\u0131\u015fman\u0131n amac\u0131 kad\u0131n giri\u015fimcilere yard\u0131mc\u0131 olmakt\u0131r.<\/p>\n<\/div><\/li><li class=\"fusion-li-item\"><span style=\"height:28.9px;width:28.9px;margin-right:11.9px;\" class=\"icon-wrapper circle-no\"><i class=\"fusion-li-icon fa fa-star\" style=\"color:;\"><\/i><\/span><div class=\"fusion-li-item-content\" style=\"margin-left:40.8px;\">Formu eksiksiz olarak doldurduktan sonra 1 adet foto\u011fraf\u0131n\u0131zla birlikte formu info@banusamanci.com adresine l\u00fctfen yollay\u0131n. <\/div><\/li><li class=\"fusion-li-item\"><span style=\"height:28.9px;width:28.9px;margin-right:11.9px;\" class=\"icon-wrapper circle-no\"><i class=\"fusion-li-icon fa fa-star\" style=\"color:;\"><\/i><\/span><div class=\"fusion-li-item-content\" style=\"margin-left:40.8px;\">Her ay 1 adet yeni marka incelemesi yay\u0131nlanacakt\u0131r. <\/div><\/li><li class=\"fusion-li-item\"><span style=\"height:28.9px;width:28.9px;margin-right:11.9px;\" class=\"icon-wrapper circle-no\"><i class=\"fusion-li-icon fa fa-star\" style=\"color:;\"><\/i><\/span><div class=\"fusion-li-item-content\" style=\"margin-left:40.8px;\">Yay\u0131n i\u00e7in se\u00e7ilecek \u00e7al\u0131\u015fma Ba\u015far\u0131l\u0131 Marka Tarifi&#8217;ne g\u00f6re de\u011ferlendirilecektir.<\/div><\/li><li class=\"fusion-li-item\"><span style=\"height:28.9px;width:28.9px;margin-right:11.9px;\" class=\"icon-wrapper circle-no\"><i class=\"fusion-li-icon fa fa-star\" style=\"color:;\"><\/i><\/span><div class=\"fusion-li-item-content\" style=\"margin-left:40.8px;\">Gerekti\u011fi durumlarda sizinle telefonla ileti\u015fime ge\u00e7ilebilir.<\/div><\/li><\/ul><div class=\"fusion-sep-clear\"><\/div><div class=\"fusion-separator fusion-full-width-sep sep-none\" style=\"margin-left: auto;margin-right: auto;margin-top:15px;margin-bottom:15px;\"><\/div><p><strong>\u201cNas\u0131l ba\u015fard\u0131?\u201d b\u00f6l\u00fcm\u00fcnde sizin markan\u0131z\u0131n da yay\u0131nlanmas\u0131n\u0131 istiyorsan\u0131z\u00a0<span style=\"text-decoration: underline;\"><a href=\"http:\/\/www.banusamanci.com\/wp-content\/uploads\/2015\/11\/basvuruformu_nasilbasardi.docx\" target=\"_blank\">\u015fimdi buraya t\u0131klayarak ba\u015fvuru\u00a0formunu\u00a0word dosyas\u0131 olarak bilgisayar\u0131n\u0131za indirerek, doldurmaya ba\u015flay\u0131n.<\/a>\u00a0<\/span>Formu tamamlay\u0131nca, bir adet foto\u011fraf\u0131n\u0131zla birlikte bana e-posta ile yollay\u0131n.<\/strong>\u00a0<strong>Birbirimizden \u00f6\u011frenecek \u00e7ok \u015feyimiz var!<\/strong><\/p>\n<div class=\"share-box fusion-sharing-box boxed-icons\" style=\"background-color:#e8e8e8;\" data-title=\"Markan\u0131z\u0131n hikayesinin yay\u0131nlanmas\u0131n\u0131 ister misiniz? \u015eimdi t\u0131klay\u0131n! \" data-description=\"Bir kad\u0131n giri\u015fimci olarak kendi marka hikayenizi payla\u015farak, \u00fclkemizdeki \u00fcreten, mutlu kad\u0131nlar\u0131n say\u0131s\u0131n\u0131n artmas\u0131na yard\u0131mc\u0131 olabilirsiniz.\" data-link=\"http:\/\/www.banusamanci.com\/index.php\/nasil-basardi-basvuru-sayfasi\/\" data-image=\"http:\/\/www.banusamanci.com\/wp-content\/uploads\/2015\/10\/300x263_sizin-hikayeniz.jpg\"><h4 class=\"tagline\" style=\"color:#b51446;\">\u015eimdi payla\u015fma zaman\u0131!<\/h4><div class=\"fusion-social-networks boxed-icons\"><a class=\"fusion-social-network-icon fusion-tooltip fusion- fusion-icon-\" target=\"_self\" style=\"color:#e8e8e8 ;background-color:#3B5998;border-color:#3B5998;border-radius:50%;\" data-toggle=\"tooltip\"><\/a><\/div><\/div><div class=\"fusion-clearfix\"><\/div><\/div><\/div><div class=\"fusion-clearfix\"><\/div><div class=\"fusion-two-third fusion-layout-column fusion-spacing-yes\" style=\"margin-top:;margin-bottom:;\"><div class=\"fusion-column-wrapper\"><span style=\"margin-right:25px;float:left;\" class=\"fusion-imageframe imageframe-none imageframe-3 hover-type-none\"> <img decoding=\"async\" src=\"http:\/\/www.banusamanci.com\/wp-content\/uploads\/2015\/10\/banner_nasilbasardi.gif\" alt=\"\" class=\"img-responsive\"\/><\/span><div class=\"fusion-clearfix\"><\/div><\/div><\/div><div class=\"col span_4\" data-animation=\"\" data-delay=\"0\"><\/div><div class=\"col span_3\" data-animation=\"\" data-delay=\"0\"><span class=\"fusion-imageframe imageframe-none imageframe-4 hover-type-none\"> <img decoding=\"async\" src=\"http:\/\/www.banusamanci.com\/wp-content\/uploads\/2015\/10\/didemaltinbasak_rafinera.jpg\" alt=\"Didem Alt\u0131nba\u015fak, RAF\u0130NERA\" class=\"img-responsive\"\/><\/span><\/div><div class=\"fusion-two-fifth fusion-layout-column fusion-spacing-yes\" style=\"margin-top:0px;margin-bottom:0px;\"><div class=\"fusion-column-wrapper\"><div class=\"fusion-title title fusion-title-size-three\" style=\"margin-top:0px;margin-bottom:0px;\"><h3 class=\"title-heading-left\">HAM\u0130LEL\u0130KTE YA\u015eADI\u011eI B\u0130R SORUN BA\u015eARISININ TEMEL\u0130 OLDU<\/h3><div class=\"title-sep-container\"><div class=\"title-sep sep-none\"><\/div><\/div><\/div><p>\u201cRafinera\u201d markas\u0131n\u0131n ba\u015flang\u0131c\u0131 2007 y\u0131l\u0131nda, kurucusu Didem Alt\u0131nba\u015fak Tulgan\u2019\u0131n, kendi ya\u015fad\u0131\u011f\u0131 bir soruna yurtd\u0131\u015f\u0131nda buldu\u011fu \u00e7\u00f6z\u00fcm\u00fc \u00fclkemizde hayata ge\u00e7irmesi ile ba\u015flar\u2026<br \/>\n<a href=\"http:\/\/www.banusamanci.com\/index.php\/hamilelikte-yasadigi-bir-sorun-basarisinin-temeli-oldu\/\" target=\"_blank\">Devam\u0131 i\u00e7in t\u0131klay\u0131n<\/a><\/p>\n<div class=\"fusion-clearfix\"><\/div><\/div><\/div><div class=\"col span_4\" data-animation=\"\" data-delay=\"0\"><\/div><div class=\"fusion-two-third fusion-layout-column fusion-spacing-yes\" style=\"margin-top:;margin-bottom:;\"><div class=\"fusion-column-wrapper\"><div class=\"fusion-sep-clear\"><\/div><div class=\"fusion-separator fusion-full-width-sep sep-single\" style=\"border-top-width:;margin-left: auto;margin-right: auto;margin-top:5pxpx;margin-bottom:5pxpx;\"><\/div><div class=\"fusion-clearfix\"><\/div><\/div><\/div><div class=\"col span_4\" data-animation=\"\" data-delay=\"0\"><\/div><div class=\"col span_3\" data-animation=\"\" data-delay=\"0\"><span class=\"fusion-imageframe imageframe-none imageframe-5 hover-type-none\"> <img decoding=\"async\" src=\"http:\/\/www.banusamanci.com\/wp-content\/uploads\/2015\/10\/pinarkaftancioglu_ipekhcift.jpg\" alt=\"\" class=\"img-responsive\"\/><\/span><\/div><div class=\"fusion-two-fifth fusion-layout-column fusion-spacing-yes\" style=\"margin-top:;margin-bottom:;\"><div class=\"fusion-column-wrapper\"><div class=\"fusion-title title fusion-title-size-three\"><h3 class=\"title-heading-left\">\u00d6NCE KIZI \u0130\u00c7\u0130N \u00dcRETT\u0130 SONRA HERKES \u0130STED\u0130<\/h3><div class=\"title-sep-container\"><div class=\"title-sep sep-none\"><\/div><\/div><\/div><p>\u0130pek Han\u0131m\u2019\u0131n \u00c7iftli\u011fi markas\u0131n\u0131n kurucusu, P\u0131nar Kaftanc\u0131o\u011flu\u2019nun hikayesi sadece ba\u015far\u0131l\u0131 olmu\u015f bir kad\u0131n\u0131n hikayesi de\u011fil&#8230;<br \/>\n<a href=\"http:\/\/www.banusamanci.com\/index.php\/once-kizi-icin-uretti-sonra-herkes-istedi\/\" target=\"_blank\">Devam\u0131 i\u00e7in t\u0131klay\u0131n<\/a><\/p>\n<div class=\"fusion-clearfix\"><\/div><\/div><\/div><div class=\"col span_4\" data-animation=\"\" data-delay=\"0\"><\/div><\/div><\/div>\n","protected":false},"excerpt":{"rendered":"Markan\u0131z\u0131n hikayesini payla\u015fmak ister misiniz?Bir kad\u0131n giri\u015fimci olarak kendi marka hikayenizi, markan\u0131z\u0131n ba\u015far\u0131l\u0131 olmas\u0131na yard\u0131mc\u0131 olan malzemeleri di\u011fer kad\u0131nlarla payla\u015farak \u00fclkemizdeki \u00fcreten, mutlu kad\u0131nlar\u0131n say\u0131s\u0131n\u0131n artmas\u0131na yard\u0131mc\u0131 olabilirsiniz. Nas\u0131l m\u0131?...","protected":false},"author":1,"featured_media":0,"parent":0,"menu_order":0,"comment_status":"closed","ping_status":"closed","template":"","meta":{"footnotes":""},"aioseo_notices":[],"_links":{"self":[{"href":"https:\/\/www.banusamanci.com\/index.php\/wp-json\/wp\/v2\/pages\/726"}],"collection":[{"href":"https:\/\/www.banusamanci.com\/index.php\/wp-json\/wp\/v2\/pages"}],"about":[{"href":"https:\/\/www.banusamanci.com\/index.php\/wp-json\/wp\/v2\/types\/page"}],"author":[{"embeddable":true,"href":"https:\/\/www.banusamanci.com\/index.php\/wp-json\/wp\/v2\/users\/1"}],"replies":[{"embeddable":true,"href":"https:\/\/www.banusamanci.com\/index.php\/wp-json\/wp\/v2\/comments?post=726"}],"version-history":[{"count":36,"href":"https:\/\/www.banusamanci.com\/index.php\/wp-json\/wp\/v2\/pages\/726\/revisions"}],"predecessor-version":[{"id":1473,"href":"https:\/\/www.banusamanci.com\/index.php\/wp-json\/wp\/v2\/pages\/726\/revisions\/1473"}],"wp:attachment":[{"href":"https:\/\/www.banusamanci.com\/index.php\/wp-json\/wp\/v2\/media?parent=726"}],"curies":[{"name":"wp","href":"https:\/\/api.w.org\/{rel}","templated":true}]}}