{"id":1890,"date":"2018-07-14T11:15:17","date_gmt":"2018-07-14T11:15:17","guid":{"rendered":"http:\/\/www.banusamanci.com\/?page_id=1890"},"modified":"2018-07-17T07:29:43","modified_gmt":"2018-07-17T07:29:43","slug":"basvuru-formu","status":"publish","type":"page","link":"https:\/\/www.banusamanci.com\/index.php\/basvuru-formu\/","title":{"rendered":"Ba\u015fvuru formu"},"content":{"rendered":"<div class=\"fusion-fullwidth fullwidth-box fusion-fullwidth-1  fusion-parallax-none nonhundred-percent-fullwidth\" style=\"border-bottom-width: 0px;border-top-width: 0px;border-bottom-style: solid;border-top-style: solid;padding-bottom:0px;padding-top:0px;padding-left:0px;padding-right:0px;background-color:#ffffff;\"><style type=\"text\/css\" scoped=\"scoped\">.fusion-fullwidth-1 {\n                            padding-left: 0px !important;\n                            padding-right: 0px !important;\n                        }<\/style><div class=\"fusion-row\"><div class=\"fusion-two-third fusion-layout-column fusion-spacing-no\" style=\"margin-top:10px;margin-bottom:;\"><div class=\"fusion-column-wrapper\" style=\"background-color:#ffffff;padding:10px;\"><div class=\"fusion-title title fusion-title-size-one\" style=\"margin-top:10px;margin-bottom:10px;\"><h1 class=\"title-heading-left\">\n<h2><strong>\u201cKad\u0131n giri\u015fimciler e\u011fitimle g\u00fc\u00e7 kazan\u0131yor\u201d e\u011fitim projesi<br \/>\n<\/strong><strong>BA\u015eVURU FORMU<\/strong><\/h2>\n<\/h1><div class=\"title-sep-container\"><div class=\"title-sep sep-none\"><\/div><\/div><\/div><p>\u201cKad\u0131n giri\u015fimciler e\u011fitimle g\u00fc\u00e7 kazan\u0131yor\u201d pazarlama, markala\u015fma e\u011fitim projesi Eyl\u00fcl &#8211; Ekim ay\u0131nda \u015eanl\u0131urfa, Ankara, Samsun, Antalya ve \u00c7anakkale olmak \u00fczere toplam be\u015f \u015fehirde \u00fccretsiz olarak ger\u00e7ekle\u015fecektir. <strong>Bu e\u011fitimden en \u00e7ok fayda sa\u011flayabilecek kat\u0131l\u0131mc\u0131lar\u0131n bir i\u015f fikrinin olmas\u0131 ya da \u015fuan kendi i\u015flerini yap\u0131yor olmalar\u0131 gerekmektedir.<\/strong> Kat\u0131l\u0131mc\u0131 say\u0131s\u0131 25 ile s\u0131n\u0131rl\u0131 oldu\u011fundan bu e\u011fitimden en \u00e7ok fayday\u0131 sa\u011flayacak, i\u015f fikrini bu e\u011fitimle hayata ge\u00e7irecek kat\u0131l\u0131mc\u0131lara \u00f6ncelik verilecektir.<\/p>\n\n<div class=\"wpcf7 no-js\" id=\"wpcf7-f1886-o1\" lang=\"en-US\" dir=\"ltr\">\n<div class=\"screen-reader-response\"><p role=\"status\" aria-live=\"polite\" aria-atomic=\"true\"><\/p> <ul><\/ul><\/div>\n<form action=\"\/index.php\/wp-json\/wp\/v2\/pages\/1890#wpcf7-f1886-o1\" method=\"post\" class=\"wpcf7-form init\" aria-label=\"Contact form\" novalidate=\"novalidate\" data-status=\"init\">\n<div style=\"display: none;\">\n<input type=\"hidden\" name=\"_wpcf7\" value=\"1886\" \/>\n<input type=\"hidden\" name=\"_wpcf7_version\" value=\"5.9.8\" \/>\n<input type=\"hidden\" name=\"_wpcf7_locale\" value=\"en_US\" \/>\n<input type=\"hidden\" name=\"_wpcf7_unit_tag\" value=\"wpcf7-f1886-o1\" \/>\n<input type=\"hidden\" name=\"_wpcf7_container_post\" value=\"0\" \/>\n<input type=\"hidden\" name=\"_wpcf7_posted_data_hash\" value=\"\" \/>\n<input type=\"hidden\" name=\"_wpcf7_recaptcha_response\" value=\"\" \/>\n<\/div>\n<p>\u0130l se\u00e7iniz* <span class=\"wpcf7-form-control-wrap\" data-name=\"menu-543\"><select class=\"wpcf7-form-control wpcf7-select wpcf7-validates-as-required\" aria-required=\"true\" aria-invalid=\"false\" name=\"menu-543\"><option value=\"\">&#8212;Please choose an option&#8212;<\/option><option value=\"\u015eANLIURFA\">\u015eANLIURFA<\/option><option value=\"ANKARA\">ANKARA<\/option><option value=\"SAMSUN\">SAMSUN<\/option><option value=\"ANTALYA\">ANTALYA<\/option><option value=\"\u00c7ANAKKALE\">\u00c7ANAKKALE<\/option><\/select><\/span>\n<\/p>\n<p>\u0130sim, Soyad* <span class=\"wpcf7-form-control-wrap\" data-name=\"your-name\"><input size=\"40\" maxlength=\"400\" class=\"wpcf7-form-control wpcf7-text wpcf7-validates-as-required\" aria-required=\"true\" aria-invalid=\"false\" value=\"\" type=\"text\" name=\"your-name\" \/><\/span>\n<\/p>\n<p>Do\u011fum tarihi<span class=\"wpcf7-form-control-wrap\" data-name=\"date-775\"><input class=\"wpcf7-form-control wpcf7-date wpcf7-validates-as-required wpcf7-validates-as-date\" aria-required=\"true\" aria-invalid=\"false\" value=\"AY\/G\u00dcN\/YIL\" type=\"date\" name=\"date-775\" \/><\/span>\n<\/p>\n<p>E\u011fitim durumu <span class=\"wpcf7-form-control-wrap\" data-name=\"menu-93\"><select class=\"wpcf7-form-control wpcf7-select\" aria-invalid=\"false\" name=\"menu-93\"><option value=\"\">&#8212;Please choose an option&#8212;<\/option><option value=\"\u0130LKOKUL\">\u0130LKOKUL<\/option><option value=\"ORTA OKUL\">ORTA OKUL<\/option><option value=\"L\u0130SE\">L\u0130SE<\/option><option value=\"\u00dcN\u0130VERS\u0130TE VE \u00dcST\u00dc\">\u00dcN\u0130VERS\u0130TE VE \u00dcST\u00dc<\/option><\/select><\/span>\n<\/p>\n<p>E-posta adresi <span class=\"wpcf7-form-control-wrap\" data-name=\"email-994\"><input size=\"40\" maxlength=\"400\" class=\"wpcf7-form-control wpcf7-email wpcf7-text wpcf7-validates-as-email\" aria-invalid=\"false\" value=\"\" type=\"email\" name=\"email-994\" \/><\/span>\n<\/p>\n<p>Telefon numaras\u0131* <span class=\"wpcf7-form-control-wrap\" data-name=\"tel-443\"><input size=\"40\" maxlength=\"400\" class=\"wpcf7-form-control wpcf7-tel wpcf7-validates-as-required wpcf7-text wpcf7-validates-as-tel\" aria-required=\"true\" aria-invalid=\"false\" value=\"\" type=\"tel\" name=\"tel-443\" \/><\/span>\n<\/p>\n<p>\u015euan \u00fczerinde \u00e7al\u0131\u015fabilece\u011fin bir i\u015f fikrin var m\u0131?<span class=\"wpcf7-form-control-wrap\" data-name=\"radio-269\"><span class=\"wpcf7-form-control wpcf7-radio\"><span class=\"wpcf7-list-item first\"><span class=\"wpcf7-list-item-label\">Evet<\/span><input type=\"radio\" name=\"radio-269\" value=\"Evet\" \/><\/span><span class=\"wpcf7-list-item last\"><span class=\"wpcf7-list-item-label\">Hay\u0131r<\/span><input type=\"radio\" name=\"radio-269\" value=\"Hay\u0131r\" \/><\/span><\/span><\/span>\n<\/p>\n<p>A\u00e7\u0131klay\u0131n\u0131z...<span class=\"wpcf7-form-control-wrap\" data-name=\"textarea-21\"><textarea cols=\"40\" rows=\"10\" maxlength=\"2000\" class=\"wpcf7-form-control wpcf7-textarea\" aria-invalid=\"false\" name=\"textarea-21\"><\/textarea><\/span>\n<\/p>\n<p>Daha \u00f6nce pazarlama ve\/veya giri\u015fimcilik e\u011fitimi ald\u0131n m\u0131?<span class=\"wpcf7-form-control-wrap\" data-name=\"radio-422\"><span class=\"wpcf7-form-control wpcf7-radio\"><span class=\"wpcf7-list-item first\"><span class=\"wpcf7-list-item-label\">Evet<\/span><input type=\"radio\" name=\"radio-422\" value=\"Evet\" \/><\/span><span class=\"wpcf7-list-item last\"><span class=\"wpcf7-list-item-label\">Hay\u0131r<\/span><input type=\"radio\" name=\"radio-422\" value=\"Hay\u0131r\" \/><\/span><\/span><\/span>\n<\/p>\n<p>Varsa firma isminizi yaz\u0131n\u0131z<span class=\"wpcf7-form-control-wrap\" data-name=\"textarea-21\"><textarea cols=\"40\" rows=\"10\" maxlength=\"2000\" class=\"wpcf7-form-control wpcf7-textarea\" aria-invalid=\"false\" name=\"textarea-21\"><\/textarea><\/span>\n<\/p>\n<p>Bu e\u011fitime neden kat\u0131l\u0131yorsunuz l\u00fctfen k\u0131saca yaz\u0131n\u0131z*<span class=\"wpcf7-form-control-wrap\" data-name=\"textarea-769\"><textarea cols=\"40\" rows=\"10\" maxlength=\"2000\" class=\"wpcf7-form-control wpcf7-textarea wpcf7-validates-as-required\" aria-required=\"true\" aria-invalid=\"false\" name=\"textarea-769\"><\/textarea><\/span>\n<\/p>\n<p>Neden bu e\u011fitime se\u00e7ilmelisiniz l\u00fctfen k\u0131saca yaz\u0131n\u0131z*<span class=\"wpcf7-form-control-wrap\" data-name=\"textarea-21\"><textarea cols=\"40\" rows=\"10\" maxlength=\"2000\" class=\"wpcf7-form-control wpcf7-textarea wpcf7-validates-as-required\" aria-required=\"true\" aria-invalid=\"false\" name=\"textarea-21\"><\/textarea><\/span>\n<\/p>\n<p><input class=\"wpcf7-form-control wpcf7-submit has-spinner\" type=\"submit\" value=\"Kay\u0131t Ol\" \/>\n<\/p>\n<p>E\u011fitimlerle ilgili duyurular\u0131 ileti\u015fim bilgilerim kullan\u0131larak almay\u0131 kabul ediyorum.<span class=\"wpcf7-form-control-wrap\" data-name=\"acceptance-778\"><span class=\"wpcf7-form-control wpcf7-acceptance\"><span class=\"wpcf7-list-item\"><input type=\"checkbox\" name=\"acceptance-778\" value=\"1\" checked=\"checked\" aria-invalid=\"false\" \/><\/span><\/span><\/span>\n<\/p>\n<p>Y\u0131ld\u0131zla (*) i\u015faretli alanlar doldurulmas\u0131 zorunlu alanlard\u0131r!\n<\/p><p style=\"display: none !important;\" class=\"akismet-fields-container\" data-prefix=\"_wpcf7_ak_\"><label>&#916;<textarea name=\"_wpcf7_ak_hp_textarea\" cols=\"45\" rows=\"8\" maxlength=\"100\"><\/textarea><\/label><input type=\"hidden\" id=\"ak_js_1\" name=\"_wpcf7_ak_js\" value=\"211\"\/><script>document.getElementById( \"ak_js_1\" ).setAttribute( \"value\", ( new Date() ).getTime() );<\/script><\/p><div class=\"wpcf7-response-output\" aria-hidden=\"true\"><\/div>\n<\/form>\n<\/div>\n\n<div class=\"page\" title=\"Page 1\">\n<div class=\"layoutArea\">\n<div class=\"column\"><\/div>\n<div class=\"column\"><strong><strong><br \/>\n<\/strong><\/strong><strong>\u00a0<\/strong><strong>KATILIM \u015eARTLARI<\/strong><\/div>\n<\/div>\n<\/div>\n<ul>\n<li>Kat\u0131l\u0131m i\u00e7in bir i\u015f fikrinizin olmas\u0131 ya da \u015fuan kendi i\u015finizi yap\u0131yor olman\u0131z gerekmektedir.<\/li>\n<li>Her ilde yap\u0131lacak e\u011fitim 25 ki\u015fiyle s\u0131n\u0131rl\u0131 oldu\u011fundan bu e\u011fitimden en \u00e7ok fayday\u0131 sa\u011flayabilecek kat\u0131l\u0131mc\u0131lara \u00f6ncelik verilecektir.<\/li>\n<li>E\u011fitimin s\u00fcresi her \u015fehirde g\u00fcnde 3 saat olmak s\u00fcre toplam be\u015f g\u00fcn s\u00fcrecektir.<\/li>\n<li>Kat\u0131l\u0131m i\u00e7in 18-60 ya\u015f aras\u0131nda olman\u0131z yeterlidir.<\/li>\n<li>Kat\u0131l\u0131mc\u0131larda bir \u00f6\u011frenim\u00a0\u015fart\u0131 aranmamaktad\u0131r.<\/li>\n<\/ul>\n<p>&nbsp;<\/p>\n<p><strong> E\u011e\u0130T\u0130M\u0130N \u0130\u00c7ER\u0130\u011e\u0130<\/strong><\/p>\n<p>\u201cKad\u0131n giri\u015fimciler e\u011fitimle g\u00fc\u00e7 kazan\u0131yor\u201d e\u011fitimi her d\u00fczeyden giri\u015fimcinin anlayabilece\u011fi \u00fccretsiz bir pazarlama, marka yaratma e\u011fitimidir. Bu e\u011fitimden en \u00e7ok fayda sa\u011flayabilecek kat\u0131l\u0131mc\u0131lar\u0131n bir i\u015f fikrinin olmas\u0131 ya da \u015fuan kendi i\u015flerini yap\u0131yor olmalar\u0131 gerekmektedir. Kat\u0131l\u0131mc\u0131 say\u0131s\u0131 25 ile s\u0131n\u0131rl\u0131 oldu\u011fundan bu e\u011fitimden en \u00e7ok fayday\u0131 sa\u011flayacak, i\u015f fikrini bu e\u011fitimle hayata ge\u00e7irecek kat\u0131l\u0131mc\u0131lara \u00f6ncelik verilecektir.<\/p>\n<p>E\u011fitim program\u0131nda bir i\u015f fikrinin ba\u015far\u0131l\u0131 bir markaya d\u00f6n\u00fc\u015fmesi i\u00e7in gereken t\u00fcm a\u015famalar A\u2019dan Z\u2019ye anla\u015f\u0131lmas\u0131 kolay \u00f6rneklerle kat\u0131l\u0131mc\u0131lara aktar\u0131lacakt\u0131r. \u00d6rne\u011fin, pazarlaman\u0131n \u00f6nemli analiz tekniklerinden biri olan SWOT y\u00f6ntemi her kad\u0131n\u0131n \u00e7ok iyi bildi\u011fi \u201cm\u00fccver\u201d yemeg\u0306ine uygulanarak anla\u015f\u0131lmas\u0131 kolay bir \u015fekilde bu e\u011fitimde a\u00e7\u0131klan\u0131yor. Pazarlamaya ek olarak hibe fonlar\u0131 hakk\u0131nda da kat\u0131l\u0131mc\u0131lara bilgiler verilecektir.<\/p>\n<p>Kat\u0131l\u0131mc\u0131lar bu e\u011fitimi tamamlad\u0131klar\u0131nda sertifika almaya hak kazanacaklard\u0131r.<\/p>\n<style type='text\/css'>.reading-box-container-1 .element-bottomshadow:before,.reading-box-container-1 .element-bottomshadow:after{opacity:0.8;}<\/style><div class=\"fusion-reading-box-container reading-box-container-1\" style=\"margin-top:0px;\"><div class=\"reading-box element-bottomshadow\" style=\"background-color:;border-width:0px;border-color:;border-top-width:3px;border-top-color:;border-style:solid;\">\n<h2>Bir \u00fclkenin kad\u0131nlar\u0131 ne kadar mutluysa, o \u00fclke o kadar mutludur.<\/h2>\n<\/div><\/div><div class=\"share-box fusion-sharing-box boxed-icons\" data-title=\"Kendin i\u00e7in \u00e7al\u0131\u015f, hayalindeki markay\u0131 kur!\" data-description=\"Hayalindeki markay\u0131 birlikte kurabiliriz!\" data-link=\"http:\/\/www.banusamanci.com\" data-image=\"http:\/\/www.banusamanci.com\/wp-content\/uploads\/2015\/10\/hakkimda_pinterest.jpg\"><h4 class=\"tagline\" style=\"color:#b51446;\"> \u015e\u0130MD\u0130 PAYLA\u015eMA ZAMANI!<\/h4><div class=\"fusion-social-networks boxed-icons\"><a class=\"fusion-social-network-icon fusion-tooltip fusion- fusion-icon-\" target=\"_self\" style=\"color:#e8e8e8 ;background-color:#3B5998;border-color:#3B5998;border-radius:50%;\" data-toggle=\"tooltip\"><\/a><\/div><\/div><div class=\"fusion-title title fusion-title-size-three\"><h3 class=\"title-heading-left\">\n<p style=\"padding-left: 90px;\"><span style=\"color: #999999;\">Banu Samanc\u0131, marka dan\u0131\u015fman\u0131 ve multi-medya tasar\u0131mc\u0131s\u0131d\u0131r. &#8220;Markan\u0131z\u0131 nas\u0131l pi\u015firirsiniz?&#8221; isimli pazarlama kitab\u0131n\u0131n da yazar\u0131d\u0131r. Amerika ve T\u00fcrkiye\u2019de marka ileti\u015fimi ve multi-medya tasar\u0131m\u0131 alan\u0131nda edindi\u011fi 15 y\u0131l\u0131 a\u015fk\u0131n bilgi ve tecr\u00fcbesini gerek \u00f6\u011frencilerine gerekse bir fark yaratmak isteyen kad\u0131n giri\u015fimcilere yard\u0131mc\u0131 olmak i\u00e7in kullanmaktad\u0131r. Bir \u015feyler \u00fczerinde \u00e7al\u0131\u015fmad\u0131\u011f\u0131 ender zamanlar\u0131n\u0131 kitap okuyarak, TED seyrederek ya da NHK Japon kanal\u0131n\u0131 izleyerek ge\u00e7iren Banu ayn\u0131 zamanda profesyonel bir \u015fef olan e\u015finden ald\u0131\u011f\u0131 zorunlu yemek dersleri sayesinde kendi \u00e7ap\u0131nda iyi bir a\u015f\u00e7\u0131d\u0131r.<\/span><\/p>\n<\/h3><div class=\"title-sep-container\"><div class=\"title-sep sep-\"><\/div><\/div><\/div><div class=\"fusion-clearfix\"><\/div><\/div><\/div><div class=\"col span_4\" data-animation=\"\" data-delay=\"0\"><span class=\"fusion-imageframe imageframe-none imageframe-1 hover-type-zoomin\"><a class=\"fusion-no-lightbox\" href=\" http:\/\/www.banusamanci.com\/index.php\/nasil-basardi-basvuru-sayfasi\/\" target=\"_blank\"> <img decoding=\"async\" src=\"http:\/\/www.banusamanci.com\/wp-content\/uploads\/2015\/10\/300x263_sizin-hikayeniz.jpg\" alt=\"\" class=\"img-responsive\"\/><\/a><\/span><div class=\"fusion-sep-clear\"><\/div><div class=\"fusion-separator fusion-full-width-sep sep-none\" style=\"margin-left: auto;margin-right: auto;margin-top:20px;margin-bottom:20px;\"><\/div><span style=\"-moz-box-shadow: 2px 3px 7px rgba(0,0,0,.3);-webkit-box-shadow: 2px 3px 7px rgba(0,0,0,.3);box-shadow: 2px 3px 7px rgba(0,0,0,.3);\" class=\"fusion-imageframe imageframe-dropshadow imageframe-2 hover-type-zoomin\"> <img decoding=\"async\" src=\"http:\/\/www.banusamanci.com\/wp-content\/uploads\/2018\/07\/ozlusoz300x263_keskesiz.jpg\" alt=\"Kad\u0131n giri\u015fimciler e\u011fitimle g\u00fc\u00e7 kazan\u0131yor\" class=\"img-responsive\"\/><\/span><div class=\"fusion-sep-clear\"><\/div><div class=\"fusion-separator fusion-full-width-sep sep-none\" style=\"margin-left: auto;margin-right: auto;margin-top:20px;margin-bottom:20px;\"><\/div><div class=\"fusion-testimonials clean fusion-testimonials-1\" data-random=\"0\"><style type='text\/css' scoped='scoped'>\n\t\t#fusion-testimonials-1 a{border-color: ;}#fusion-testimonials-1 a:hover, #fusion-testimonials-1 .activeSlide{background-color: ;}\n\t\t.fusion-testimonials.clean.fusion-testimonials-1 .author:after{border-top-color:#d7e0cc !important;}<\/style><div class=\"reviews\"><div class=\"review no-avatar\"><blockquote style=\"background-color:#d7e0cc;\"><q style=\"background-color:#d7e0cc;color:;\">Banu Han\u0131m markam\u0131n ihtiyac\u0131 olan stratejik marka kimlik \u00e7al\u0131\u015fmas\u0131n\u0131 detayl\u0131 bir analiz ile ba\u015far\u0131yla olu\u015fturmu\u015ftur. Markam i\u00e7in \u00f6nemli olan bu \u00e7al\u0131\u015fma ile t\u00fcm pazarlama \u00e7al\u0131\u015fmalar\u0131m art\u0131k daha kolay ve ba\u015far\u0131l\u0131. Bir giri\u015fimci olarak her \u015feyi yaln\u0131z yapmak s\u0131k\u0131nt\u0131l\u0131 olabiliyor oysa Banu Han\u0131m ile her \u015fey ger\u00e7ekten de \u00e7ok kolay.<br \/>\n<\/q><\/blockquote><div class=\"author\" style=\"color:;\"><span class=\"company-name\"><strong>Dilek D\u00f6nmez Agyel<\/strong>, <span>SADEK\u00c2R<\/span><\/span><\/div><\/div><\/div><div class=\"testimonial-pagination\" id=\"fusion-testimonials-1\"><\/div><\/div><div class=\"fusion-testimonials clean fusion-testimonials-2\" data-random=\"0\"><style type='text\/css' scoped='scoped'>\n\t\t#fusion-testimonials-2 a{border-color: ;}#fusion-testimonials-2 a:hover, #fusion-testimonials-2 .activeSlide{background-color: ;}\n\t\t.fusion-testimonials.clean.fusion-testimonials-2 .author:after{border-top-color:#e7e5bc !important;}<\/style><div class=\"reviews\"><div class=\"review no-avatar\"><blockquote style=\"background-color:#e7e5bc;\"><q style=\"background-color:#e7e5bc;color:;\">Banu Han\u0131m yapt\u0131\u011f\u0131 her i\u015fi markan\u0131n ba\u015far\u0131s\u0131 i\u00e7in bir b\u00fct\u00fcn olarak ele al\u0131yor -websitemizin metin \u00e7al\u0131\u015fmas\u0131 sayesinde art\u0131k arama motorlar\u0131nda daha yukar\u0131larda \u00e7\u0131k\u0131yoruz ve sitenin \u0130ngilizce terc\u00fcmesi ile de profesyonelli\u011fimizi yabanc\u0131 m\u00fc\u015fterilerimize do\u011fru bir \u015fekilde yans\u0131tabiliyoruz. Banu Han\u0131m ile i\u015fler her zaman kolay ve kazan\u00e7l\u0131.<\/q><\/blockquote><div class=\"author\" style=\"color:;\"><span class=\"company-name\"><strong>Feride Bi\u00e7en<\/strong>, <span>MONAD HR <\/span><\/span><\/div><\/div><\/div><div class=\"testimonial-pagination\" id=\"fusion-testimonials-2\"><\/div><\/div><div class=\"fusion-testimonials clean fusion-testimonials-3\" data-random=\"0\"><style type='text\/css' scoped='scoped'>\n\t\t#fusion-testimonials-3 a{border-color: ;}#fusion-testimonials-3 a:hover, #fusion-testimonials-3 .activeSlide{background-color: ;}\n\t\t.fusion-testimonials.clean.fusion-testimonials-3 .author:after{border-top-color:#dbf1db !important;}<\/style><div class=\"reviews\"><div class=\"review no-avatar\"><blockquote style=\"background-color:#dbf1db;\"><q style=\"background-color:#dbf1db;color:;\">Banu Han\u0131m bizim marka hikayemizi o kadar g\u00fczel yazd\u0131 ki hayretler i\u00e7inde kald\u0131m. Kendisine ne kadar te\u015fekk\u00fcr etsem azd\u0131r. <\/q><\/blockquote><div class=\"author\" style=\"color:;\"><span class=\"company-name\"><strong>P\u0131nar Kaftanc\u0131o\u011flu<\/strong>, <span>\u0130PEK HANIM'IN \u00c7\u0130FTL\u0130\u011e\u0130<\/span><\/span><\/div><\/div><\/div><div class=\"testimonial-pagination\" id=\"fusion-testimonials-3\"><\/div><\/div><\/div><\/div><\/div>\n","protected":false},"excerpt":{"rendered":"\u201cKad\u0131n giri\u015fimciler e\u011fitimle g\u00fc\u00e7 kazan\u0131yor\u201d e\u011fitim projesi BA\u015eVURU FORMU \u201cKad\u0131n giri\u015fimciler e\u011fitimle g\u00fc\u00e7 kazan\u0131yor\u201d pazarlama, markala\u015fma e\u011fitim projesi Eyl\u00fcl - Ekim ay\u0131nda \u015eanl\u0131urfa, Ankara, Samsun, Antalya ve \u00c7anakkale olmak \u00fczere...","protected":false},"author":1,"featured_media":0,"parent":0,"menu_order":0,"comment_status":"closed","ping_status":"closed","template":"","meta":{"footnotes":""},"aioseo_notices":[],"_links":{"self":[{"href":"https:\/\/www.banusamanci.com\/index.php\/wp-json\/wp\/v2\/pages\/1890"}],"collection":[{"href":"https:\/\/www.banusamanci.com\/index.php\/wp-json\/wp\/v2\/pages"}],"about":[{"href":"https:\/\/www.banusamanci.com\/index.php\/wp-json\/wp\/v2\/types\/page"}],"author":[{"embeddable":true,"href":"https:\/\/www.banusamanci.com\/index.php\/wp-json\/wp\/v2\/users\/1"}],"replies":[{"embeddable":true,"href":"https:\/\/www.banusamanci.com\/index.php\/wp-json\/wp\/v2\/comments?post=1890"}],"version-history":[{"count":22,"href":"https:\/\/www.banusamanci.com\/index.php\/wp-json\/wp\/v2\/pages\/1890\/revisions"}],"predecessor-version":[{"id":1925,"href":"https:\/\/www.banusamanci.com\/index.php\/wp-json\/wp\/v2\/pages\/1890\/revisions\/1925"}],"wp:attachment":[{"href":"https:\/\/www.banusamanci.com\/index.php\/wp-json\/wp\/v2\/media?parent=1890"}],"curies":[{"name":"wp","href":"https:\/\/api.w.org\/{rel}","templated":true}]}}