{"id":1847,"date":"2018-07-13T11:13:46","date_gmt":"2018-07-13T11:13:46","guid":{"rendered":"http:\/\/www.banusamanci.com\/?page_id=1847"},"modified":"2018-07-17T09:25:35","modified_gmt":"2018-07-17T09:25:35","slug":"kadinlar-egitimle-guc-kazaniyor","status":"publish","type":"page","link":"https:\/\/www.banusamanci.com\/index.php\/kadinlar-egitimle-guc-kazaniyor\/","title":{"rendered":"Kad\u0131n Giri\u015fimciler E\u011fitimle G\u00fc\u00e7 Kazan\u0131yor"},"content":{"rendered":"<div class=\"fusion-fullwidth fullwidth-box fusion-fullwidth-1  fusion-parallax-none nonhundred-percent-fullwidth\" style=\"border-bottom-width: 0px;border-top-width: 0px;border-bottom-style: solid;border-top-style: solid;padding-bottom:0px;padding-top:0px;padding-left:0px;padding-right:0px;background-color:#ffffff;\"><style type=\"text\/css\" scoped=\"scoped\">.fusion-fullwidth-1 {\n                            padding-left: 0px !important;\n                            padding-right: 0px !important;\n                        }<\/style><div class=\"fusion-row\"><div class=\"fusion-two-third fusion-layout-column fusion-spacing-no\" style=\"margin-top:10px;margin-bottom:;\"><div class=\"fusion-column-wrapper\" style=\"background-color:#ffffff;padding:10px;\"><div class=\"fusion-title title fusion-title-size-one\" style=\"margin-top:10px;margin-bottom:10px;\"><h1 class=\"title-heading-left\">\n<h2><strong>Kad\u0131n giri\u015fimciler e\u011fitimle g\u00fc\u00e7 kazan\u0131yor<\/strong><\/h2>\n<\/h1><div class=\"title-sep-container\"><div class=\"title-sep sep-none\"><\/div><\/div><\/div><p>\u201cT\u00fcrkiye, 2017 K\u00fcresel Cinsiyet U\u00e7urumu raporunda 144 \u00fclke aras\u0131nda 131. s\u0131rada yer almaktad\u0131r! Bu c\u00fcmle benim i\u00e7in sadece istatistiksel bir veri de\u011fil. Ben de \u00e7al\u0131\u015fmak isteyip i\u015f hayat\u0131na geri d\u00f6nememenin s\u0131k\u0131nt\u0131lar\u0131n\u0131 ya\u015fam\u0131\u015f bir annenin k\u0131z\u0131y\u0131m. Bu istatistik verisi bir \u00e7ok kad\u0131n\u0131m\u0131z\u0131n ya\u015fad\u0131\u011f\u0131 zorlu hayatlar\u0131n hikayesi.<\/p>\n<style type='text\/css'>.reading-box-container-1 .element-bottomshadow:before,.reading-box-container-1 .element-bottomshadow:after{opacity:0.8;}<\/style><div class=\"fusion-reading-box-container reading-box-container-1\" style=\"margin-top:0px;\"><div class=\"reading-box element-bottomshadow\" style=\"background-color:;border-width:0px;border-color:;border-top-width:3px;border-top-color:;border-style:solid;\"><strong>Ba\u015far\u0131n\u0131n s\u0131rr\u0131 \u00f6nce sorunlar\u0131 kabul etmektir!<\/strong><\/div><\/div><div class=\"page\" title=\"Page 1\">\n<div class=\"layoutArea\">\n<div class=\"column\">\n<h3>Bu hayatta zorluklara kar\u015f\u0131 hepimizin yapabilece\u011fi bir \u015feyler var, bildiklerimizi payla\u015fmak bunlardan en \u00f6nemlisi.<\/h3>\n<p>Kad\u0131nlar\u0131m\u0131z, kendi is\u0327lerini kurmak istiyorlar ancak fikirlerini ger\u00e7ekles\u0327tirmek as\u0327amas\u0131nda motivasyon ve bilgi eksiklig\u0306i ile kars\u0327\u0131 kars\u0327\u0131ya kal\u0131yorlar. Ba\u015far\u0131l\u0131 markalar yaratmak i\u00e7in gereken pazarlama bilgisi \u00fclkemizde yeterli \u015fekilde verilemiyor. Bir\u00e7ok giri\u015fimci hayalindeki i\u015f fikrini ba\u015far\u0131l\u0131 bir markaya nas\u0131l d\u00f6n\u00fc\u015ft\u00fcrmesi gerekti\u011fini tam olarak bilemiyor. <span style=\"text-decoration: underline; color: #ff0000;\"><a style=\"color: #ff0000; text-decoration: underline;\" href=\"http:\/\/www.banusamanci.com\/index.php\/basvuru-formu\/\" target=\"_blank\">\u00dccretsiz e\u011fitime kat\u0131lmak i\u00e7in \u015fimdi buraya t\u0131kla.<\/a><\/span><\/p>\n<p>Ticaret Odas\u0131 Kad\u0131n giri\u015fimciler kurulunun davetlisi olarak Samsun\u2019da kat\u0131ld\u0131\u011f\u0131m bir seminerde konu\u015fmam sonras\u0131nda spor salonu sahibi bir kad\u0131n giri\u015fimci yan\u0131mda yakla\u015ft\u0131 ve bana hem hatalar\u0131n\u0131 ona fark ettirdi\u011fim hem de onlar\u0131 nas\u0131l d\u00fczeltece\u011fini anla\u015f\u0131lmas\u0131 kolay \u00f6rneklerle payla\u015ft\u0131\u011f\u0131m i\u00e7in te\u015fekk\u00fcr etti. Bir i\u015fletme sahibi olarak ihtiyac\u0131n\u0131n kolay anla\u015f\u0131l\u0131r bir pazarlama e\u011fitimi oldu\u011funu s\u00f6yledi.<\/p>\n<p>Bu konu\u015fmam\u0131z \u015eubat ay\u0131nda ger\u00e7ekle\u015fti. Ben tam bu e\u011fitimi Anadolu\u2019da geni\u015f bir kitleye nas\u0131l yapabilirim diye d\u00fc\u015f\u00fcn\u00fcrken Mart ay\u0131nda \u00e7\u00f6z\u00fcm aya\u011f\u0131ma geldi: Amerika Birle\u015fik Devletleri Konsoloslu\u011fu K\u00fc\u00e7\u00fck Hibe Program\u0131 proje duyurusundan haberdar oldum. Sadece 2 haftada hayalimi elle tutulur, g\u00f6zle g\u00f6r\u00fcl\u00fcr bir projeye d\u00f6n\u00fc\u015ft\u00fcrd\u00fcm ve ba\u015fvurdum. Projem kazand\u0131 giri\u015fimci kad\u0131nlar\u0131m\u0131z kazand\u0131. \u201cMarkan\u0131z\u0131 nas\u0131l pi\u015firirsiniz?\u201d kitab\u0131m\u0131 nas\u0131l giri\u015fimciler i\u00e7in kolay anla\u015f\u0131l\u0131r bir \u015fekilde yazd\u0131ysam bu e\u011fitim projesini de Anadolu\u2019daki kad\u0131nlar\u0131m\u0131za onlar\u0131n ihtiya\u00e7lar\u0131na y\u00f6nelik y\u00fcz y\u00fcze uygulamal\u0131 bir e\u011fitim i\u00e7eri\u011fiyle planlaman\u0131n mutlulu\u011funu ya\u015f\u0131yorum.<\/p>\n<h3><strong>\u201cKad\u0131n giri\u015fimciler e\u011fitimle g\u00fc\u00e7 kazan\u0131yor\u201d <\/strong><strong>e\u011fitim projesi <\/strong><\/h3>\n<p>\u201cKad\u0131n giri\u015fimciler e\u011fitimle g\u00fc\u00e7 kazan\u0131yor\u201d pazarlama e\u011fitim projesi Eyl\u00fcl &#8211; Ekim ay\u0131nda \u015eanl\u0131urfa, Ankara, Samsun, Antalya ve \u00c7anakkale olmak \u00fczere toplam be\u015f \u015fehirde \u00fccretsiz olarak ger\u00e7ekle\u015fecek. Bu e\u011fitimden en \u00e7ok fayda sa\u011flayabilecek kat\u0131l\u0131mc\u0131lar\u0131n bir i\u015f fikrinin olmas\u0131 ya da \u015fuan kendi i\u015flerini yap\u0131yor olmalar\u0131 gerekmektedir. Kat\u0131l\u0131mc\u0131 say\u0131s\u0131 25 ile s\u0131n\u0131rl\u0131 oldu\u011fundan bu e\u011fitimden en \u00e7ok fayday\u0131 sa\u011flayacak, i\u015f fikrini bu e\u011fitimle hayata ge\u00e7irecek kat\u0131l\u0131mc\u0131lara \u00f6ncelik verilecektir.<a style=\"color: #ff0000; text-decoration: underline;\" href=\"http:\/\/www.banusamanci.com\/index.php\/basvuru-formu\/\" target=\"_blank\">\u00dccretsiz e\u011fitime kat\u0131lmak i\u00e7in \u015fimdi buraya t\u0131kla.<\/a><\/p>\n<p><strong>E\u011e\u0130T\u0130M TAR\u0130HLER\u0130<\/strong><\/p>\n<p>\u015eANLIURFA\u00a0\u00a0\u00a0\u00a0\u00a0\u00a0\u00a0\u00a0\u00a0\u00a0\u00a0\u00a0 : 12 \u2013 16 Eyl\u00fcl 2018<br \/>\nANKARA\u00a0\u00a0\u00a0\u00a0\u00a0\u00a0\u00a0\u00a0\u00a0\u00a0\u00a0\u00a0\u00a0\u00a0\u00a0\u00a0\u00a0\u00a0 : 26 \u2013 30 Eyl\u00fcl 2018<br \/>\nSAMSUN\u00a0\u00a0\u00a0\u00a0\u00a0\u00a0\u00a0\u00a0\u00a0\u00a0\u00a0\u00a0\u00a0\u00a0\u00a0\u00a0\u00a0 : 02 \u2013 06 Ekim 2018<br \/>\nANTALYA\u00a0\u00a0\u00a0\u00a0\u00a0\u00a0\u00a0\u00a0\u00a0\u00a0\u00a0\u00a0\u00a0\u00a0\u00a0\u00a0 : 10 \u2013 14 Ekim 2018<br \/>\n\u00c7ANAKKALE\u00a0\u00a0\u00a0\u00a0\u00a0\u00a0\u00a0\u00a0\u00a0\u00a0\u00a0 : 24 \u2013 28 Ekim 2018<\/p>\n<p><strong><em>\u00a0<\/em><\/strong><em><strong>E\u011fitimin\u00a0ger\u00e7ekle\u015fece\u011fi yerler\u00a0ayr\u0131ca duyurulacakt\u0131r.<\/strong><\/em><\/p>\n<p><strong>\u00a0<\/strong><strong>KATILIM \u015eARTLARI<\/strong><\/p>\n<ul>\n<li>Kat\u0131l\u0131m i\u00e7in bir i\u015f fikrinizin olmas\u0131 ya da \u015fuan kendi i\u015finizi yap\u0131yor olman\u0131z gerekmektedir.<\/li>\n<li>Her ilde yap\u0131lacak e\u011fitim 25 ki\u015fiyle s\u0131n\u0131rl\u0131 oldu\u011fundan bu e\u011fitimden en \u00e7ok fayday\u0131 sa\u011flayabilecek kat\u0131l\u0131mc\u0131lara \u00f6ncelik verilecektir.<\/li>\n<li>E\u011fitimin s\u00fcresi her \u015fehirde g\u00fcnde 3 saat olmak s\u00fcre toplam be\u015f g\u00fcn s\u00fcrecektir.<\/li>\n<li>Kat\u0131l\u0131m i\u00e7in 18-60 ya\u015f aras\u0131nda olman\u0131z yeterlidir.<\/li>\n<li>Kat\u0131l\u0131mc\u0131larda bir \u00f6\u011frenim\u00a0\u015fart\u0131 aranmamaktad\u0131r.<\/li>\n<\/ul>\n<p>Kat\u0131l\u0131mc\u0131lar bu e\u011fitimi tamamlad\u0131klar\u0131nda sertifika almaya hak kazanacaklard\u0131r.<\/p>\n<p><a style=\"color: #ff0000; text-decoration: underline;\" href=\"http:\/\/www.banusamanci.com\/index.php\/basvuru-formu\/\" target=\"_blank\">\u00dccretsiz e\u011fitime kat\u0131lmak i\u00e7in \u015fimdi buraya t\u0131kla.<\/a><\/p>\n<p><strong>E\u011e\u0130T\u0130M\u0130N \u0130\u00c7ER\u0130\u011e\u0130<\/strong><\/p>\n<p>\u201cKad\u0131n giri\u015fimciler e\u011fitimle g\u00fc\u00e7 kazan\u0131yor\u201d e\u011fitimi her d\u00fczeyden giri\u015fimcinin anlayabilece\u011fi \u00fccretsiz bir pazarlama, marka yaratma e\u011fitimidir. Bu e\u011fitimden en \u00e7ok fayda sa\u011flayabilecek kat\u0131l\u0131mc\u0131lar\u0131n bir i\u015f fikrinin olmas\u0131 ya da \u015fuan kendi i\u015flerini yap\u0131yor olmalar\u0131 gerekmektedir. Kat\u0131l\u0131mc\u0131 say\u0131s\u0131 25 ile s\u0131n\u0131rl\u0131 oldu\u011fundan bu e\u011fitimden en \u00e7ok fayday\u0131 sa\u011flayacak, i\u015f fikrini bu e\u011fitimle hayata ge\u00e7irecek kat\u0131l\u0131mc\u0131lara \u00f6ncelik verilecektir.<\/p>\n<p>E\u011fitim program\u0131nda bir i\u015f fikrinin ba\u015far\u0131l\u0131 bir markaya d\u00f6n\u00fc\u015fmesi i\u00e7in gereken t\u00fcm a\u015famalar A\u2019dan Z\u2019ye anla\u015f\u0131lmas\u0131 kolay \u00f6rneklerle kat\u0131l\u0131mc\u0131lara aktar\u0131lacakt\u0131r. \u00d6rne\u011fin, pazarlaman\u0131n \u00f6nemli analiz tekniklerinden biri olan SWOT y\u00f6ntemi her kad\u0131n\u0131n \u00e7ok iyi bildi\u011fi \u201cm\u00fccver\u201d yemeg\u0306ine uygulanarak anla\u015f\u0131lmas\u0131 kolay bir \u015fekilde bu e\u011fitimde a\u00e7\u0131klan\u0131yor. Pazarlamaya ek olarak hibe fonlar\u0131 hakk\u0131nda da kat\u0131l\u0131mc\u0131lara bilgiler verilecektir.\u00a0<a style=\"color: #ff0000; text-decoration: underline;\" href=\"http:\/\/www.banusamanci.com\/index.php\/basvuru-formu\/\" target=\"_blank\">\u00dccretsiz e\u011fitime kat\u0131lmak i\u00e7in \u015fimdi buraya t\u0131kla.<\/a><\/p>\n<p>Ben deneyen, \u00fcreten, \u201cke\u015fkesiz\u201d kad\u0131nlar\u0131n say\u0131s\u0131n\u0131n artmas\u0131n\u0131 istiyorum. Bunun i\u00e7inde gerek Amerika\u2019da gerekse T\u00fcrkiye\u2019de pazarlama, tasar\u0131m, markala\u015fma konular\u0131nda edindi\u011fim 15 y\u0131l\u0131 a\u015fk\u0131n tecr\u00fcbemi elimden geldi\u011fince payla\u015fmaya \u00e7al\u0131\u015f\u0131yorum. Tek ba\u015f\u0131m\u0131za d\u00fcnyay\u0131 de\u011fi\u015ftiremeyiz fakat birbirimize yard\u0131m ederek bir tohum ekebilir ve bu tohumun kocaman bir orman olmas\u0131na destek olabiliriz.<\/p>\n<p>\u201cKad\u0131n giri\u015fimciler e\u011fitimle g\u00fc\u00e7 kazan\u0131yor\u201d isimli bu e\u011fitim tohumunu ekmemde kurumlar\u0131n ama daha da \u00f6nemlisi bu kurumlardaki de\u011ferli kad\u0131nlar\u0131n deste\u011fi var: ABD Ankara konsoloslu\u011fu y\u00f6neticileri, TOBB Kad\u0131n giri\u015fimciler kurulu ve KA\u0130SDER\u2019in eme\u011fi b\u00fcy\u00fck. Onlara da buradan ayr\u0131ca tekrar \u00e7ok te\u015fekk\u00fcr ediyorum.<\/p>\n<p><strong>I\u0307nan\u0131yorum ki, bir \u00fclkenin kad\u0131nlar\u0131 ne kadar mutlu olursa, o \u00fclke de o kadar mutlu olur.<\/strong><\/p>\n<p><a style=\"color: #ff0000; text-decoration: underline;\" href=\"http:\/\/www.banusamanci.com\/index.php\/basvuru-formu\/\" target=\"_blank\">\u00dccretsiz e\u011fitime kat\u0131lmak i\u00e7in \u015fimdi buraya t\u0131kla.<\/a><\/p>\n<\/div>\n<\/div>\n<\/div>\n<style type='text\/css'>.reading-box-container-2 .element-bottomshadow:before,.reading-box-container-2 .element-bottomshadow:after{opacity:0.8;}<\/style><div class=\"fusion-reading-box-container reading-box-container-2\" style=\"margin-top:0px;\"><div class=\"reading-box element-bottomshadow\" style=\"background-color:;border-width:0px;border-color:;border-top-width:3px;border-top-color:;border-style:solid;\">\n<h2><span style=\"color: #808080;\">ABD konsolosluk hibe fonunu kazanan pazarlama, markala\u015fma e\u011fitimi projesi\u00a0<\/span><span style=\"color: #808080;\">Anadolu\u2019nun be\u015f ilinde 125 giri\u015fimci kad\u0131na ula\u015facak.<\/span><\/h2>\n<\/div><\/div><div class=\"share-box fusion-sharing-box boxed-icons\" data-title=\"Kendin i\u00e7in \u00e7al\u0131\u015f, hayalindeki markay\u0131 kur!\" data-description=\"Hayalindeki markay\u0131 birlikte kurabiliriz!\" data-link=\"http:\/\/www.banusamanci.com\" data-image=\"http:\/\/www.banusamanci.com\/wp-content\/uploads\/2015\/10\/hakkimda_pinterest.jpg\"><h4 class=\"tagline\" style=\"color:#b51446;\"> \u015e\u0130MD\u0130 PAYLA\u015eMA ZAMANI!<\/h4><div class=\"fusion-social-networks boxed-icons\"><a class=\"fusion-social-network-icon fusion-tooltip fusion- fusion-icon-\" target=\"_self\" style=\"color:#e8e8e8 ;background-color:#3B5998;border-color:#3B5998;border-radius:50%;\" data-toggle=\"tooltip\"><\/a><\/div><\/div><div class=\"fusion-title title fusion-title-size-three\"><h3 class=\"title-heading-left\">\n<p style=\"padding-left: 90px;\"><span style=\"color: #999999;\">Banu Samanc\u0131, marka dan\u0131\u015fman\u0131 ve multi-medya tasar\u0131mc\u0131s\u0131d\u0131r. &#8220;Markan\u0131z\u0131 nas\u0131l pi\u015firirsiniz?&#8221; isimli pazarlama kitab\u0131n\u0131n da yazar\u0131d\u0131r. Amerika ve T\u00fcrkiye\u2019de marka ileti\u015fimi ve multi-medya tasar\u0131m\u0131 alan\u0131nda edindi\u011fi 15 y\u0131l\u0131 a\u015fk\u0131n bilgi ve tecr\u00fcbesini gerek \u00f6\u011frencilerine gerekse bir fark yaratmak isteyen kad\u0131n giri\u015fimcilere yard\u0131mc\u0131 olmak i\u00e7in kullanmaktad\u0131r. Bir \u015feyler \u00fczerinde \u00e7al\u0131\u015fmad\u0131\u011f\u0131 ender zamanlar\u0131n\u0131 kitap okuyarak, TED seyrederek ya da NHK Japon kanal\u0131n\u0131 izleyerek ge\u00e7iren Banu ayn\u0131 zamanda profesyonel bir \u015fef olan e\u015finden ald\u0131\u011f\u0131 zorunlu yemek dersleri sayesinde kendi \u00e7ap\u0131nda iyi bir a\u015f\u00e7\u0131d\u0131r.<\/span><\/p>\n<\/h3><div class=\"title-sep-container\"><div class=\"title-sep sep-\"><\/div><\/div><\/div><div class=\"fusion-clearfix\"><\/div><\/div><\/div><div class=\"col span_4\" data-animation=\"\" data-delay=\"0\"><span class=\"fusion-imageframe imageframe-none imageframe-1 hover-type-zoomin\"><a class=\"fusion-no-lightbox\" href=\" http:\/\/www.banusamanci.com\/index.php\/nasil-basardi-basvuru-sayfasi\/\" target=\"_blank\"> <img decoding=\"async\" src=\"http:\/\/www.banusamanci.com\/wp-content\/uploads\/2015\/10\/300x263_sizin-hikayeniz.jpg\" alt=\"\" class=\"img-responsive\"\/><\/a><\/span><div class=\"fusion-sep-clear\"><\/div><div class=\"fusion-separator fusion-full-width-sep sep-none\" style=\"margin-left: auto;margin-right: auto;margin-top:20px;margin-bottom:20px;\"><\/div><span style=\"-moz-box-shadow: 2px 3px 7px rgba(0,0,0,.3);-webkit-box-shadow: 2px 3px 7px rgba(0,0,0,.3);box-shadow: 2px 3px 7px rgba(0,0,0,.3);\" class=\"fusion-imageframe imageframe-dropshadow imageframe-2 hover-type-zoomin\"> <img decoding=\"async\" src=\"http:\/\/www.banusamanci.com\/wp-content\/uploads\/2018\/07\/logo_300x263_featured.jpg\" alt=\"Pazarlama ve Markala\u015fma E\u011fitim Projesi\" class=\"img-responsive\"\/><\/span><div class=\"fusion-sep-clear\"><\/div><div class=\"fusion-separator fusion-full-width-sep sep-none\" style=\"margin-left: auto;margin-right: auto;margin-top:20px;margin-bottom:20px;\"><\/div><div class=\"fusion-testimonials clean fusion-testimonials-1\" data-random=\"0\"><style type='text\/css' scoped='scoped'>\n\t\t#fusion-testimonials-1 a{border-color: ;}#fusion-testimonials-1 a:hover, #fusion-testimonials-1 .activeSlide{background-color: ;}\n\t\t.fusion-testimonials.clean.fusion-testimonials-1 .author:after{border-top-color:#d7e0cc !important;}<\/style><div class=\"reviews\"><div class=\"review no-avatar\"><blockquote style=\"background-color:#d7e0cc;\"><q style=\"background-color:#d7e0cc;color:;\">Banu Han\u0131m markam\u0131n ihtiyac\u0131 olan stratejik marka kimlik \u00e7al\u0131\u015fmas\u0131n\u0131 detayl\u0131 bir analiz ile ba\u015far\u0131yla olu\u015fturmu\u015ftur. Markam i\u00e7in \u00f6nemli olan bu \u00e7al\u0131\u015fma ile t\u00fcm pazarlama \u00e7al\u0131\u015fmalar\u0131m art\u0131k daha kolay ve ba\u015far\u0131l\u0131. Bir giri\u015fimci olarak her \u015feyi yaln\u0131z yapmak s\u0131k\u0131nt\u0131l\u0131 olabiliyor oysa Banu Han\u0131m ile her \u015fey ger\u00e7ekten de \u00e7ok kolay.<br \/>\n<\/q><\/blockquote><div class=\"author\" style=\"color:;\"><span class=\"company-name\"><strong>Dilek D\u00f6nmez Agyel<\/strong>, <span>SADEK\u00c2R<\/span><\/span><\/div><\/div><\/div><div class=\"testimonial-pagination\" id=\"fusion-testimonials-1\"><\/div><\/div><div class=\"fusion-testimonials clean fusion-testimonials-2\" data-random=\"0\"><style type='text\/css' scoped='scoped'>\n\t\t#fusion-testimonials-2 a{border-color: ;}#fusion-testimonials-2 a:hover, #fusion-testimonials-2 .activeSlide{background-color: ;}\n\t\t.fusion-testimonials.clean.fusion-testimonials-2 .author:after{border-top-color:#e7e5bc !important;}<\/style><div class=\"reviews\"><div class=\"review no-avatar\"><blockquote style=\"background-color:#e7e5bc;\"><q style=\"background-color:#e7e5bc;color:;\">Banu Han\u0131m yapt\u0131\u011f\u0131 her i\u015fi markan\u0131n ba\u015far\u0131s\u0131 i\u00e7in bir b\u00fct\u00fcn olarak ele al\u0131yor -websitemizin metin \u00e7al\u0131\u015fmas\u0131 sayesinde art\u0131k arama motorlar\u0131nda daha yukar\u0131larda \u00e7\u0131k\u0131yoruz ve sitenin \u0130ngilizce terc\u00fcmesi ile de profesyonelli\u011fimizi yabanc\u0131 m\u00fc\u015fterilerimize do\u011fru bir \u015fekilde yans\u0131tabiliyoruz. Banu Han\u0131m ile i\u015fler her zaman kolay ve kazan\u00e7l\u0131.<\/q><\/blockquote><div class=\"author\" style=\"color:;\"><span class=\"company-name\"><strong>Feride Bi\u00e7en<\/strong>, <span>MONAD HR <\/span><\/span><\/div><\/div><\/div><div class=\"testimonial-pagination\" id=\"fusion-testimonials-2\"><\/div><\/div><div class=\"fusion-testimonials clean fusion-testimonials-3\" data-random=\"0\"><style type='text\/css' scoped='scoped'>\n\t\t#fusion-testimonials-3 a{border-color: ;}#fusion-testimonials-3 a:hover, #fusion-testimonials-3 .activeSlide{background-color: ;}\n\t\t.fusion-testimonials.clean.fusion-testimonials-3 .author:after{border-top-color:#dbf1db !important;}<\/style><div class=\"reviews\"><div class=\"review no-avatar\"><blockquote style=\"background-color:#dbf1db;\"><q style=\"background-color:#dbf1db;color:;\">Banu Han\u0131m bizim marka hikayemizi o kadar g\u00fczel yazd\u0131 ki hayretler i\u00e7inde kald\u0131m. Kendisine ne kadar te\u015fekk\u00fcr etsem azd\u0131r. <\/q><\/blockquote><div class=\"author\" style=\"color:;\"><span class=\"company-name\"><strong>P\u0131nar Kaftanc\u0131o\u011flu<\/strong>, <span>\u0130PEK HANIM'IN \u00c7\u0130FTL\u0130\u011e\u0130<\/span><\/span><\/div><\/div><\/div><div class=\"testimonial-pagination\" id=\"fusion-testimonials-3\"><\/div><\/div><\/div><\/div><\/div>\n","protected":false},"excerpt":{"rendered":"Kad\u0131n giri\u015fimciler e\u011fitimle g\u00fc\u00e7 kazan\u0131yor \u201cT\u00fcrkiye, 2017 K\u00fcresel Cinsiyet U\u00e7urumu raporunda 144 \u00fclke aras\u0131nda 131. s\u0131rada yer almaktad\u0131r! Bu c\u00fcmle benim i\u00e7in sadece istatistiksel bir veri de\u011fil. Ben de \u00e7al\u0131\u015fmak...","protected":false},"author":1,"featured_media":0,"parent":0,"menu_order":0,"comment_status":"closed","ping_status":"closed","template":"","meta":{"footnotes":""},"aioseo_notices":[],"_links":{"self":[{"href":"https:\/\/www.banusamanci.com\/index.php\/wp-json\/wp\/v2\/pages\/1847"}],"collection":[{"href":"https:\/\/www.banusamanci.com\/index.php\/wp-json\/wp\/v2\/pages"}],"about":[{"href":"https:\/\/www.banusamanci.com\/index.php\/wp-json\/wp\/v2\/types\/page"}],"author":[{"embeddable":true,"href":"https:\/\/www.banusamanci.com\/index.php\/wp-json\/wp\/v2\/users\/1"}],"replies":[{"embeddable":true,"href":"https:\/\/www.banusamanci.com\/index.php\/wp-json\/wp\/v2\/comments?post=1847"}],"version-history":[{"count":23,"href":"https:\/\/www.banusamanci.com\/index.php\/wp-json\/wp\/v2\/pages\/1847\/revisions"}],"predecessor-version":[{"id":1926,"href":"https:\/\/www.banusamanci.com\/index.php\/wp-json\/wp\/v2\/pages\/1847\/revisions\/1926"}],"wp:attachment":[{"href":"https:\/\/www.banusamanci.com\/index.php\/wp-json\/wp\/v2\/media?parent=1847"}],"curies":[{"name":"wp","href":"https:\/\/api.w.org\/{rel}","templated":true}]}}