{"id":1706,"date":"2016-06-03T09:25:01","date_gmt":"2016-06-03T09:25:01","guid":{"rendered":"http:\/\/www.banusamanci.com\/?page_id=1706"},"modified":"2016-06-03T09:27:06","modified_gmt":"2016-06-03T09:27:06","slug":"kendi-isininizi-kurmak-icin-gec-mi-kaldiniz","status":"publish","type":"page","link":"https:\/\/www.banusamanci.com\/index.php\/kendi-isininizi-kurmak-icin-gec-mi-kaldiniz\/","title":{"rendered":"Kendi i\u015fininizi kurmak i\u00e7in ge\u00e7 mi kald\u0131n\u0131z?"},"content":{"rendered":"<span class=\"fusion-imageframe imageframe-none imageframe-1 hover-type-none\"> <img decoding=\"async\" alt=\"\u0130stedi\u011finiz her \u015feyi yapabilirsiniz...\" src=\"http:\/\/www.banusamanci.com\/wp-content\/uploads\/2016\/06\/infografik_cokgecdegilcunku.gif\" class=\"img-responsive\"\/><\/span>\n","protected":false},"excerpt":{"rendered":"","protected":false},"author":1,"featured_media":0,"parent":0,"menu_order":0,"comment_status":"closed","ping_status":"closed","template":"","meta":{"footnotes":""},"aioseo_notices":[],"_links":{"self":[{"href":"https:\/\/www.banusamanci.com\/index.php\/wp-json\/wp\/v2\/pages\/1706"}],"collection":[{"href":"https:\/\/www.banusamanci.com\/index.php\/wp-json\/wp\/v2\/pages"}],"about":[{"href":"https:\/\/www.banusamanci.com\/index.php\/wp-json\/wp\/v2\/types\/page"}],"author":[{"embeddable":true,"href":"https:\/\/www.banusamanci.com\/index.php\/wp-json\/wp\/v2\/users\/1"}],"replies":[{"embeddable":true,"href":"https:\/\/www.banusamanci.com\/index.php\/wp-json\/wp\/v2\/comments?post=1706"}],"version-history":[{"count":2,"href":"https:\/\/www.banusamanci.com\/index.php\/wp-json\/wp\/v2\/pages\/1706\/revisions"}],"predecessor-version":[{"id":1708,"href":"https:\/\/www.banusamanci.com\/index.php\/wp-json\/wp\/v2\/pages\/1706\/revisions\/1708"}],"wp:attachment":[{"href":"https:\/\/www.banusamanci.com\/index.php\/wp-json\/wp\/v2\/media?parent=1706"}],"curies":[{"name":"wp","href":"https:\/\/api.w.org\/{rel}","templated":true}]}}